{"id":173,"date":"2025-10-31T13:00:50","date_gmt":"2025-10-31T13:00:50","guid":{"rendered":"http:\/\/ennoiamundi.com\/?page_id=173"},"modified":"2025-10-31T13:24:00","modified_gmt":"2025-10-31T13:24:00","slug":"notre-offre","status":"publish","type":"page","link":"http:\/\/ennoiamundi.com\/index.php\/notre-offre\/","title":{"rendered":"Pour d\u00e9couvrir notre offre, \nt\u00e9l\u00e9chargez notre catalogue num\u00e9rique"},"content":{"rendered":"","protected":false},"excerpt":{"rendered":"","protected":false},"author":1,"featured_media":0,"parent":0,"menu_order":0,"comment_status":"closed","ping_status":"closed","template":"notre-offre","meta":{"footnotes":""},"class_list":["post-173","page","type-page","status-publish","hentry"],"jetpack_sharing_enabled":true,"_links":{"self":[{"href":"http:\/\/ennoiamundi.com\/index.php\/wp-json\/wp\/v2\/pages\/173","targetHints":{"allow":["GET"]}}],"collection":[{"href":"http:\/\/ennoiamundi.com\/index.php\/wp-json\/wp\/v2\/pages"}],"about":[{"href":"http:\/\/ennoiamundi.com\/index.php\/wp-json\/wp\/v2\/types\/page"}],"author":[{"embeddable":true,"href":"http:\/\/ennoiamundi.com\/index.php\/wp-json\/wp\/v2\/users\/1"}],"replies":[{"embeddable":true,"href":"http:\/\/ennoiamundi.com\/index.php\/wp-json\/wp\/v2\/comments?post=173"}],"version-history":[{"count":4,"href":"http:\/\/ennoiamundi.com\/index.php\/wp-json\/wp\/v2\/pages\/173\/revisions"}],"predecessor-version":[{"id":187,"href":"http:\/\/ennoiamundi.com\/index.php\/wp-json\/wp\/v2\/pages\/173\/revisions\/187"}],"wp:attachment":[{"href":"http:\/\/ennoiamundi.com\/index.php\/wp-json\/wp\/v2\/media?parent=173"}],"curies":[{"name":"wp","href":"https:\/\/api.w.org\/{rel}","templated":true}]}}