{"id":158,"date":"2025-10-31T12:19:14","date_gmt":"2025-10-31T12:19:14","guid":{"rendered":"http:\/\/ennoiamundi.com\/?page_id=158"},"modified":"2025-10-31T13:28:15","modified_gmt":"2025-10-31T13:28:15","slug":"qui-sommes-nous","status":"publish","type":"page","link":"http:\/\/ennoiamundi.com\/index.php\/qui-sommes-nous\/","title":{"rendered":"Qui sommes-nous ?"},"content":{"rendered":"\n<div class=\"wp-block-cover has-custom-content-position is-position-center-left\" style=\"min-height:969px;aspect-ratio:unset;\"><img loading=\"lazy\" decoding=\"async\" width=\"1024\" height=\"854\" class=\"wp-block-cover__image-background wp-image-161\" alt=\"\" src=\"http:\/\/ennoiamundi.com\/wp-content\/uploads\/2025\/10\/GENE-JEFF-1024x854.png\" data-object-fit=\"cover\" srcset=\"http:\/\/ennoiamundi.com\/wp-content\/uploads\/2025\/10\/GENE-JEFF-1024x854.png 1024w, http:\/\/ennoiamundi.com\/wp-content\/uploads\/2025\/10\/GENE-JEFF-300x250.png 300w, http:\/\/ennoiamundi.com\/wp-content\/uploads\/2025\/10\/GENE-JEFF-768x641.png 768w, http:\/\/ennoiamundi.com\/wp-content\/uploads\/2025\/10\/GENE-JEFF.png 1087w\" sizes=\"auto, (max-width: 1024px) 100vw, 1024px\" \/><span aria-hidden=\"true\" class=\"wp-block-cover__background has-background-dim\"><\/span><div class=\"wp-block-cover__inner-container is-layout-flow wp-block-cover-is-layout-flow\">\n<p class=\"has-text-align-left has-large-font-size\"><strong>ENNOIA MUNDI \u2013 Le sens au c\u0153ur des transformations<\/strong><\/p>\n\n\n\n<h2 class=\"wp-block-heading has-large-font-size\">Deux consultants-formateurs, une vision partag\u00e9e : unir strat\u00e9gie et humanit\u00e9 pour acc\u00e9l\u00e9rer les transformations.<br>ENNOIA MUNDI est un gie qui con\u00e7oit des dispositifs sur-mesure pour les organisations, les managers et leurs \u00e9quipes, <br>du diagnostic \u00e0 l&rsquo;ancrage des  pratiques.<br><\/h2>\n\n\n\n<p class=\"has-text-align-left has-large-font-size\"><strong>NOTRE HISTOIRE EN BREF<\/strong><br>N\u00e9e d\u2019une rencontre en 2015 lors d\u2019un s\u00e9minaire de pairs, <br>l\u2019alliance entre <strong>Jean-Fran\u00e7ois<\/strong> <strong>DUTOIS<\/strong> (management strat\u00e9gique, conduite de projets) <br>et <strong>G\u00e9nestia<\/strong> <strong>GIACHINO<\/strong> (efficience professionnelle, ludop\u00e9dagogie, intelligence collective) <br>s\u2019est vite impos\u00e9e comme une \u00e9vidence. Apr\u00e8s des co-animations (CNFPT) <br>et un <strong>plan triennal management<\/strong> pour une grande collectivit\u00e9 (<strong>500+ encadrants<\/strong>), <br>leur compl\u00e9mentarit\u00e9 donne naissance au <strong> ENNOIA MUNDI<\/strong> gie.<\/p>\n<\/div><\/div>\n\n\n\n<div class=\"wp-block-columns is-layout-flex wp-container-core-columns-is-layout-28f84493 wp-block-columns-is-layout-flex\">\n<div class=\"wp-block-column is-layout-flow wp-block-column-is-layout-flow\" style=\"flex-basis:66.66%\"><\/div>\n\n\n\n<div class=\"wp-block-column is-layout-flow wp-block-column-is-layout-flow\" style=\"flex-basis:33.33%\"><\/div>\n<\/div>\n","protected":false},"excerpt":{"rendered":"","protected":false},"author":1,"featured_media":0,"parent":0,"menu_order":0,"comment_status":"closed","ping_status":"closed","template":"single-post","meta":{"footnotes":""},"class_list":["post-158","page","type-page","status-publish","hentry"],"jetpack_sharing_enabled":true,"_links":{"self":[{"href":"http:\/\/ennoiamundi.com\/index.php\/wp-json\/wp\/v2\/pages\/158","targetHints":{"allow":["GET"]}}],"collection":[{"href":"http:\/\/ennoiamundi.com\/index.php\/wp-json\/wp\/v2\/pages"}],"about":[{"href":"http:\/\/ennoiamundi.com\/index.php\/wp-json\/wp\/v2\/types\/page"}],"author":[{"embeddable":true,"href":"http:\/\/ennoiamundi.com\/index.php\/wp-json\/wp\/v2\/users\/1"}],"replies":[{"embeddable":true,"href":"http:\/\/ennoiamundi.com\/index.php\/wp-json\/wp\/v2\/comments?post=158"}],"version-history":[{"count":4,"href":"http:\/\/ennoiamundi.com\/index.php\/wp-json\/wp\/v2\/pages\/158\/revisions"}],"predecessor-version":[{"id":189,"href":"http:\/\/ennoiamundi.com\/index.php\/wp-json\/wp\/v2\/pages\/158\/revisions\/189"}],"wp:attachment":[{"href":"http:\/\/ennoiamundi.com\/index.php\/wp-json\/wp\/v2\/media?parent=158"}],"curies":[{"name":"wp","href":"https:\/\/api.w.org\/{rel}","templated":true}]}}